{"id":291,"date":"2020-07-26T15:56:06","date_gmt":"2020-07-26T12:56:06","guid":{"rendered":"http:\/\/cygniwplight.pethemes.com\/?page_id=291"},"modified":"2024-02-22T03:20:38","modified_gmt":"2024-02-22T02:20:38","slug":"works","status":"publish","type":"page","link":"https:\/\/strona2.kanaj.pl\/?page_id=291","title":{"rendered":"Works"},"content":{"rendered":"\t\t<div data-elementor-type=\"wp-page\" data-elementor-id=\"291\" class=\"elementor elementor-291\" data-elementor-post-type=\"page\">\n\t\t\t\t\t\t<section class=\"elementor-section elementor-top-section elementor-element elementor-element-fd4a6ec wrapper-small elementor-section-boxed elementor-section-height-default elementor-section-height-default\" data-id=\"fd4a6ec\" data-element_type=\"section\">\n\t\t\t\t\t\t<div class=\"elementor-container elementor-column-gap-default\">\n\t\t\t\t\t<div class=\"elementor-column elementor-col-100 elementor-top-column elementor-element elementor-element-aa1ba82\" data-id=\"aa1ba82\" data-element_type=\"column\">\n\t\t\t<div class=\"elementor-widget-wrap elementor-element-populated\">\n\t\t\t\t\t\t<div class=\"elementor-element elementor-element-0d2690f elementor-hidden-phone elementor-widget elementor-widget-cygnitextbox\" data-id=\"0d2690f\" data-element_type=\"widget\" data-widget_type=\"cygnitextbox.default\">\n\t\t\t\t<div class=\"elementor-widget-container\">\n\t\t\t<!-- Heading Wrapper -->\n<div class=\"text-wrapper\">\n    \n    <div data-delay=\"0\" style=\"\" class=\"caption align-left has-animation skew-up\" data-scroll>NASZE REALIZACJE<\/div>\n  <div data-scroll data-delay=\"0\"  class=\"has-animation skew-up align-left\" style=\"font-weight:600;font-style:normal;font-size:100px;line-height:110px;\">Zawsze b\u0105d\u017a\n<br>Wyj\u0105tkowy.<\/div>   \n\n<\/div>\n<!--\/ Heading Wrapper -->\n\n\n\n\t\t<\/div>\n\t\t\t\t<\/div>\n\t\t\t\t<div class=\"elementor-element elementor-element-daf497a elementor-hidden-desktop elementor-hidden-tablet elementor-widget elementor-widget-cygnitextbox\" data-id=\"daf497a\" data-element_type=\"widget\" data-widget_type=\"cygnitextbox.default\">\n\t\t\t\t<div class=\"elementor-widget-container\">\n\t\t\t<!-- Heading Wrapper -->\n<div class=\"text-wrapper\">\n    \n    <div data-delay=\"0\" style=\"\" class=\"caption align-left has-animation skew-up\" data-scroll>NASZE REALIZACJE<\/div>\n  <h1 data-scroll data-delay=\"0\"  class=\"has-animation skew-up align-left\" style=\"font-weight:600;font-style:normal;\">Zawsze b\u0105d\u017a wyj\u0105tkowy.<\/h1>   \n\n<\/div>\n<!--\/ Heading Wrapper -->\n\n\n\n\t\t<\/div>\n\t\t\t\t<\/div>\n\t\t\t\t\t<\/div>\n\t\t<\/div>\n\t\t\t\t\t<\/div>\n\t\t<\/section>\n\t\t\t\t<section class=\"elementor-section elementor-top-section elementor-element elementor-element-6db75c7 elementor-section-full_width elementor-section-height-default elementor-section-height-default\" data-id=\"6db75c7\" data-element_type=\"section\">\n\t\t\t\t\t\t<div class=\"elementor-container elementor-column-gap-default\">\n\t\t\t\t\t<div class=\"elementor-column elementor-col-100 elementor-top-column elementor-element elementor-element-615acb4\" data-id=\"615acb4\" data-element_type=\"column\">\n\t\t\t<div class=\"elementor-widget-wrap elementor-element-populated\">\n\t\t\t\t\t\t<div class=\"elementor-element elementor-element-af6c6f7 elementor-widget elementor-widget-grid\" data-id=\"af6c6f7\" data-element_type=\"widget\" data-widget_type=\"grid.default\">\n\t\t\t\t<div class=\"elementor-widget-container\">\n\t\t\t<!-- Horizontal Projects -->\n<div class=\"portfolio-grid\">\n    \n      <div class=\"pg-sizer\"><\/div>\n    \n        <!-- Project -->\n    <div data-scroll class=\"grid-project\">\n\n\n        <a href=\"https:\/\/strona2.kanaj.pl\/?portfolios=mens-cave\">\n\n            <!-- Project Meta -->\n            <div class=\"grid-project-meta\">\n\n                <!-- Project Title-->\n                <div class=\"grid-project-title\">Men&#8217;s Cave<\/div>\n                <!--\/ Project Title-->\n            <\/div>\n            <!--\/ Project Meta-->\n\n            <!-- Project Image-->\n            <div class=\"grid-project-image\">\n                               \n                                    \n                                    \n                         <img decoding=\"async\" src=\"https:\/\/strona2.kanaj.pl\/wp-content\/uploads\/2020\/07\/bs_cov.jpg\" alt=\"Grid Project Image\">\n                \n                                    \n                            <\/div>\n            <!--\/ Project Image-->\n\n        <\/a>\n\n    <\/div>\n    <!--\/ Project -->\n    \n        <!-- Project -->\n    <div data-scroll class=\"grid-project\">\n\n\n        <a href=\"https:\/\/strona2.kanaj.pl\/?portfolios=gabrielle-desmarais\">\n\n            <!-- Project Meta -->\n            <div class=\"grid-project-meta\">\n\n                <!-- Project Title-->\n                <div class=\"grid-project-title\">Gabrielle Desmarais<\/div>\n                <!--\/ Project Title-->\n            <\/div>\n            <!--\/ Project Meta-->\n\n            <!-- Project Image-->\n            <div class=\"grid-project-image\">\n                               \n                                \n                           \n                \n                        <img decoding=\"async\" src=\"https:\/\/strona2.kanaj.pl\/wp-content\/uploads\/2020\/07\/wall_cov-6.jpg\" alt=\"Grid Project Image\">\n                \n                                    \n                            <\/div>\n            <!--\/ Project Image-->\n\n        <\/a>\n\n    <\/div>\n    <!--\/ Project -->\n    \n        <!-- Project -->\n    <div data-scroll class=\"grid-project\">\n\n\n        <a href=\"https:\/\/strona2.kanaj.pl\/?portfolios=sand-of-time\">\n\n            <!-- Project Meta -->\n            <div class=\"grid-project-meta\">\n\n                <!-- Project Title-->\n                <div class=\"grid-project-title\">Sand of Time<\/div>\n                <!--\/ Project Title-->\n            <\/div>\n            <!--\/ Project Meta-->\n\n            <!-- Project Image-->\n            <div class=\"grid-project-image\">\n                               \n                                    \n                                    \n                        <video autoplay muted loop playsinline>\n                            <source src=\"https:\/\/cygnivideos.imfast.io\/short.mp4\">\n                        <\/video>\n\n                                    \n                            <\/div>\n            <!--\/ Project Image-->\n\n        <\/a>\n\n    <\/div>\n    <!--\/ Project -->\n    \n        <!-- Project -->\n    <div data-scroll class=\"grid-project\">\n\n\n        <a href=\"https:\/\/strona2.kanaj.pl\/?portfolios=havet\">\n\n            <!-- Project Meta -->\n            <div class=\"grid-project-meta\">\n\n                <!-- Project Title-->\n                <div class=\"grid-project-title\">Havet<\/div>\n                <!--\/ Project Title-->\n            <\/div>\n            <!--\/ Project Meta-->\n\n            <!-- Project Image-->\n            <div class=\"grid-project-image\">\n                               \n                                \n                           \n                \n                        <img decoding=\"async\" src=\"https:\/\/strona2.kanaj.pl\/wp-content\/uploads\/2020\/07\/wall_cov-5.jpg\" alt=\"Grid Project Image\">\n                \n                                    \n                            <\/div>\n            <!--\/ Project Image-->\n\n        <\/a>\n\n    <\/div>\n    <!--\/ Project -->\n    \n        <!-- Project -->\n    <div data-scroll class=\"grid-project\">\n\n\n        <a href=\"https:\/\/strona2.kanaj.pl\/?portfolios=ezra-brooks\">\n\n            <!-- Project Meta -->\n            <div class=\"grid-project-meta\">\n\n                <!-- Project Title-->\n                <div class=\"grid-project-title\">Ezra Brooks<\/div>\n                <!--\/ Project Title-->\n            <\/div>\n            <!--\/ Project Meta-->\n\n            <!-- Project Image-->\n            <div class=\"grid-project-image\">\n                               \n                                \n                           \n                \n                        <img decoding=\"async\" src=\"https:\/\/strona2.kanaj.pl\/wp-content\/uploads\/2020\/07\/wall_cov-3.jpg\" alt=\"Grid Project Image\">\n                \n                                    \n                            <\/div>\n            <!--\/ Project Image-->\n\n        <\/a>\n\n    <\/div>\n    <!--\/ Project -->\n    \n        <!-- Project -->\n    <div data-scroll class=\"grid-project\">\n\n\n        <a href=\"https:\/\/strona2.kanaj.pl\/?portfolios=deals-app\">\n\n            <!-- Project Meta -->\n            <div class=\"grid-project-meta\">\n\n                <!-- Project Title-->\n                <div class=\"grid-project-title\">Deals App<\/div>\n                <!--\/ Project Title-->\n            <\/div>\n            <!--\/ Project Meta-->\n\n            <!-- Project Image-->\n            <div class=\"grid-project-image\">\n                               \n                                    \n                                    \n                         <img decoding=\"async\" src=\"https:\/\/strona2.kanaj.pl\/wp-content\/uploads\/2020\/07\/bs_cov-2.jpg\" alt=\"Grid Project Image\">\n                \n                                    \n                            <\/div>\n            <!--\/ Project Image-->\n\n        <\/a>\n\n    <\/div>\n    <!--\/ Project -->\n    \n        <!-- Project -->\n    <div data-scroll class=\"grid-project\">\n\n\n        <a href=\"https:\/\/strona2.kanaj.pl\/?portfolios=meskalina-studio\">\n\n            <!-- Project Meta -->\n            <div class=\"grid-project-meta\">\n\n                <!-- Project Title-->\n                <div class=\"grid-project-title\">Meskalina Studio<\/div>\n                <!--\/ Project Title-->\n            <\/div>\n            <!--\/ Project Meta-->\n\n            <!-- Project Image-->\n            <div class=\"grid-project-image\">\n                               \n                                \n                           \n                \n                        <img decoding=\"async\" src=\"https:\/\/strona2.kanaj.pl\/wp-content\/uploads\/2020\/07\/wall_cov-1.jpg\" alt=\"Grid Project Image\">\n                \n                                    \n                            <\/div>\n            <!--\/ Project Image-->\n\n        <\/a>\n\n    <\/div>\n    <!--\/ Project -->\n    \n        <!-- Project -->\n    <div data-scroll class=\"grid-project\">\n\n\n        <a href=\"https:\/\/strona2.kanaj.pl\/?portfolios=codicis\">\n\n            <!-- Project Meta -->\n            <div class=\"grid-project-meta\">\n\n                <!-- Project Title-->\n                <div class=\"grid-project-title\">Codicis<\/div>\n                <!--\/ Project Title-->\n            <\/div>\n            <!--\/ Project Meta-->\n\n            <!-- Project Image-->\n            <div class=\"grid-project-image\">\n                               \n                                    \n                                    \n                         <img decoding=\"async\" src=\"https:\/\/strona2.kanaj.pl\/wp-content\/uploads\/2020\/07\/lc_cov-1.jpg\" alt=\"Grid Project Image\">\n                \n                                    \n                            <\/div>\n            <!--\/ Project Image-->\n\n        <\/a>\n\n    <\/div>\n    <!--\/ Project -->\n    \n    \n<\/div>\n<!--\/ Detailed Projects -->\n\n\n\n\t\t<\/div>\n\t\t\t\t<\/div>\n\t\t\t\t\t<\/div>\n\t\t<\/div>\n\t\t\t\t\t<\/div>\n\t\t<\/section>\n\t\t\t\t<section class=\"elementor-section elementor-top-section elementor-element elementor-element-ce56413 elementor-section-boxed elementor-section-height-default elementor-section-height-default\" data-id=\"ce56413\" data-element_type=\"section\">\n\t\t\t\t\t\t<div class=\"elementor-container elementor-column-gap-default\">\n\t\t\t\t\t<div class=\"elementor-column elementor-col-100 elementor-top-column elementor-element elementor-element-1b231a0\" data-id=\"1b231a0\" data-element_type=\"column\">\n\t\t\t<div class=\"elementor-widget-wrap elementor-element-populated\">\n\t\t\t\t\t\t<div class=\"elementor-element elementor-element-4981a0f elementor-hidden-phone elementor-widget elementor-widget-spacer\" data-id=\"4981a0f\" data-element_type=\"widget\" data-widget_type=\"spacer.default\">\n\t\t\t\t<div class=\"elementor-widget-container\">\n\t\t\t<style>\/*! elementor - v3.19.0 - 07-02-2024 *\/\n.elementor-column .elementor-spacer-inner{height:var(--spacer-size)}.e-con{--container-widget-width:100%}.e-con-inner>.elementor-widget-spacer,.e-con>.elementor-widget-spacer{width:var(--container-widget-width,var(--spacer-size));--align-self:var(--container-widget-align-self,initial);--flex-shrink:0}.e-con-inner>.elementor-widget-spacer>.elementor-widget-container,.e-con>.elementor-widget-spacer>.elementor-widget-container{height:100%;width:100%}.e-con-inner>.elementor-widget-spacer>.elementor-widget-container>.elementor-spacer,.e-con>.elementor-widget-spacer>.elementor-widget-container>.elementor-spacer{height:100%}.e-con-inner>.elementor-widget-spacer>.elementor-widget-container>.elementor-spacer>.elementor-spacer-inner,.e-con>.elementor-widget-spacer>.elementor-widget-container>.elementor-spacer>.elementor-spacer-inner{height:var(--container-widget-height,var(--spacer-size))}.e-con-inner>.elementor-widget-spacer.elementor-widget-empty,.e-con>.elementor-widget-spacer.elementor-widget-empty{position:relative;min-height:22px;min-width:22px}.e-con-inner>.elementor-widget-spacer.elementor-widget-empty .elementor-widget-empty-icon,.e-con>.elementor-widget-spacer.elementor-widget-empty .elementor-widget-empty-icon{position:absolute;top:0;bottom:0;left:0;right:0;margin:auto;padding:0;width:22px;height:22px}<\/style>\t\t<div class=\"elementor-spacer\">\n\t\t\t<div class=\"elementor-spacer-inner\"><\/div>\n\t\t<\/div>\n\t\t\t\t<\/div>\n\t\t\t\t<\/div>\n\t\t\t\t<div class=\"elementor-element elementor-element-aeec393 elementor-widget elementor-widget-cygnipagebutton\" data-id=\"aeec393\" data-element_type=\"widget\" data-widget_type=\"cygnipagebutton.default\">\n\t\t\t\t<div class=\"elementor-widget-container\">\n\t\t\t\n\n\n<!-- Page Button -->\n<div class=\"page-button align-center\">\n    <div data-scroll class=\"caption has-animation skew-up \">DOWIEDZ SI\u0118 WI\u0118CEJ<\/div>\n    <h1 data-scroll class=\"big-title has-animation skew-up \"><a  href=\"http:\/\/cygniwpdark.pethemes.com\/about\/\" class=\"underline\">O NAS<\/a><\/h1>\n<\/div>\n<!--\/ Page Button -->\n\n\n\t\t<\/div>\n\t\t\t\t<\/div>\n\t\t\t\t<div class=\"elementor-element elementor-element-635cf2e elementor-hidden-phone elementor-widget elementor-widget-spacer\" data-id=\"635cf2e\" data-element_type=\"widget\" data-widget_type=\"spacer.default\">\n\t\t\t\t<div class=\"elementor-widget-container\">\n\t\t\t\t\t<div class=\"elementor-spacer\">\n\t\t\t<div class=\"elementor-spacer-inner\"><\/div>\n\t\t<\/div>\n\t\t\t\t<\/div>\n\t\t\t\t<\/div>\n\t\t\t\t\t<\/div>\n\t\t<\/div>\n\t\t\t\t\t<\/div>\n\t\t<\/section>\n\t\t\t\t<\/div>\n\t\t","protected":false},"excerpt":{"rendered":"<p>NASZE REALIZACJE Zawsze b\u0105d\u017a Wyj\u0105tkowy. NASZE REALIZACJE Zawsze b\u0105d\u017a wyj\u0105tkowy. Men&#8217;s Cave Gabrielle Desmarais Sand of Time Havet Ezra Brooks Deals App Meskalina Studio Codicis DOWIEDZ SI\u0118 WI\u0118CEJ O NAS<\/p>\n","protected":false},"author":1,"featured_media":0,"parent":0,"menu_order":0,"comment_status":"closed","ping_status":"closed","template":"","meta":{"_acf_changed":false,"footnotes":""},"class_list":["post-291","page","type-page","status-publish","hentry"],"acf":[],"_links":{"self":[{"href":"https:\/\/strona2.kanaj.pl\/index.php?rest_route=\/wp\/v2\/pages\/291","targetHints":{"allow":["GET"]}}],"collection":[{"href":"https:\/\/strona2.kanaj.pl\/index.php?rest_route=\/wp\/v2\/pages"}],"about":[{"href":"https:\/\/strona2.kanaj.pl\/index.php?rest_route=\/wp\/v2\/types\/page"}],"author":[{"embeddable":true,"href":"https:\/\/strona2.kanaj.pl\/index.php?rest_route=\/wp\/v2\/users\/1"}],"replies":[{"embeddable":true,"href":"https:\/\/strona2.kanaj.pl\/index.php?rest_route=%2Fwp%2Fv2%2Fcomments&post=291"}],"version-history":[{"count":4,"href":"https:\/\/strona2.kanaj.pl\/index.php?rest_route=\/wp\/v2\/pages\/291\/revisions"}],"predecessor-version":[{"id":658,"href":"https:\/\/strona2.kanaj.pl\/index.php?rest_route=\/wp\/v2\/pages\/291\/revisions\/658"}],"wp:attachment":[{"href":"https:\/\/strona2.kanaj.pl\/index.php?rest_route=%2Fwp%2Fv2%2Fmedia&parent=291"}],"curies":[{"name":"wp","href":"https:\/\/api.w.org\/{rel}","templated":true}]}}