{"id":213,"date":"2020-07-26T15:20:19","date_gmt":"2020-07-26T12:20:19","guid":{"rendered":"http:\/\/cygniwplight.pethemes.com\/?page_id=213"},"modified":"2024-02-22T03:07:27","modified_gmt":"2024-02-22T02:07:27","slug":"big-slider","status":"publish","type":"page","link":"https:\/\/strona2.kanaj.pl\/","title":{"rendered":"Big Slider"},"content":{"rendered":"\t\t<div data-elementor-type=\"wp-page\" data-elementor-id=\"213\" class=\"elementor elementor-213\" data-elementor-post-type=\"page\">\n\t\t\t\t\t\t<section class=\"elementor-section elementor-top-section elementor-element elementor-element-17e94ba elementor-section-full_width elementor-section-height-default elementor-section-height-default\" data-id=\"17e94ba\" data-element_type=\"section\">\n\t\t\t\t\t\t<div class=\"elementor-container elementor-column-gap-default\">\n\t\t\t\t\t<div class=\"elementor-column elementor-col-100 elementor-top-column elementor-element elementor-element-bdeb23a\" data-id=\"bdeb23a\" data-element_type=\"column\">\n\t\t\t<div class=\"elementor-widget-wrap elementor-element-populated\">\n\t\t\t\t\t\t<div class=\"elementor-element elementor-element-7941598 elementor-widget elementor-widget-bigslider\" data-id=\"7941598\" data-element_type=\"widget\" data-widget_type=\"bigslider.default\">\n\t\t\t\t<div class=\"elementor-widget-container\">\n\t\t\t\n<!--Portfolio Big Slider-->\n<div class=\"fullscreen portfolio-showcase\">\n\n    <!-- Big Slider Overlays (Don't Touch) -->\n    <div class=\"big-slider-overlays\">\n        <span class=\"bs-ov bs-ov-1\"><\/span>\n        <span class=\"bs-ov bs-ov-2\"><\/span>\n        <span class=\"bs-ov bs-ov-3\"><\/span>\n        <span class=\"bs-ov bs-ov-4\"><\/span>\n    <\/div>\n    <!--\/ Big Slider Overlays (Don't Touch) -->\n\n    <div class=\"big-slider\">\n\n                <!-- Project -->\n        <div class=\"big-slider-item bs-inactive\" data-autoplay=\"10000\">\n\n            <!-- Project URL -->\n            <a href=\"https:\/\/strona2.kanaj.pl\/?portfolios=sand-of-time\"><\/a>\n            <!--\/ Project URL -->\n\n            <div class=\"top\">\n\n                                <!-- Project Category -->\n                <div class=\"category\">Video\/Animation<\/div>\n                <!--\/ Project Category -->\n                \n                <!-- Project Title -->\n                <div class=\"title\">Sand of Time<\/div>\n                <!--\/ Project Title -->\n            <\/div>\n\n                        <!-- Project Summary -->\n            <div class=\"summary\">\n                I have zero cycles for this increase the resolution,\nscale it up we need a larger print looks great.            <\/div>\n            <!--\/ Project Summary -->\n            \n                        <!-- Project Year -->\n            <div class=\"year\">2018<\/div>\n            <!--\/ Project Year -->\n            \n                        <!-- Project Metas -->\n            <div class=\"meta\">\n\n                \n                                <div><span class=\"meta-title\">Client<\/span>Chiser<\/div>\n                \n                \n\n                \n                \n                \n                \n\n                                <div><span class=\"meta-title\">Type<\/span>3D Animations<\/div>\n                \n                \n\n            <\/div>\n            <!--\/ Project Metas -->\n            \n            <!-- Project Featured Image -->\n            <div class=\"image\">\n                               \n                                    \n                                    \n                        <video autoplay muted loop playsinline>\n                            <source src=\"https:\/\/cygnivideos.imfast.io\/short.mp4\">\n                        <\/video>\n\n                                    \n                            <\/div>\n            <!--\/ Project Featured Image -->\n\n        <\/div>\n        <!--\/ Project -->\n                <!-- Project -->\n        <div class=\"big-slider-item bs-inactive\" data-autoplay=\"10000\">\n\n            <!-- Project URL -->\n            <a href=\"https:\/\/strona2.kanaj.pl\/?portfolios=mens-cave\"><\/a>\n            <!--\/ Project URL -->\n\n            <div class=\"top\">\n\n                                <!-- Project Category -->\n                <div class=\"category\">Photography<\/div>\n                <!--\/ Project Category -->\n                \n                <!-- Project Title -->\n                <div class=\"title\">Men&#8217;s Cave<\/div>\n                <!--\/ Project Title -->\n            <\/div>\n\n                        <!-- Project Summary -->\n            <div class=\"summary\">\n                Target rich environment how much bandwidth do you\nhave, and that jerk from finance really.            <\/div>\n            <!--\/ Project Summary -->\n            \n                        <!-- Project Year -->\n            <div class=\"year\">2016<\/div>\n            <!--\/ Project Year -->\n            \n                        <!-- Project Metas -->\n            <div class=\"meta\">\n\n                \n                                <div><span class=\"meta-title\">Client<\/span>Tnexus<\/div>\n                \n                \n\n                \n                \n                \n                \n\n                                <div><span class=\"meta-title\">Place<\/span>Interior<\/div>\n                \n                \n\n            <\/div>\n            <!--\/ Project Metas -->\n            \n            <!-- Project Featured Image -->\n            <div class=\"image\">\n                               \n                                    \n                                    \n                         <img decoding=\"async\" src=\"https:\/\/strona2.kanaj.pl\/wp-content\/uploads\/2020\/07\/bs_cov.jpg\" alt=\"Big Slider Project Image\">\n                \n                                    \n                            <\/div>\n            <!--\/ Project Featured Image -->\n\n        <\/div>\n        <!--\/ Project -->\n                <!-- Project -->\n        <div class=\"big-slider-item bs-inactive\" data-autoplay=\"10000\">\n\n            <!-- Project URL -->\n            <a href=\"https:\/\/strona2.kanaj.pl\/?portfolios=deals-app\"><\/a>\n            <!--\/ Project URL -->\n\n            <div class=\"top\">\n\n                                <!-- Project Category -->\n                <div class=\"category\">UX\/UI Design<\/div>\n                <!--\/ Project Category -->\n                \n                <!-- Project Title -->\n                <div class=\"title\">Deals App<\/div>\n                <!--\/ Project Title -->\n            <\/div>\n\n                        <!-- Project Summary -->\n            <div class=\"summary\">\n                            <\/div>\n            <!--\/ Project Summary -->\n            \n                        <!-- Project Year -->\n            <div class=\"year\">2014<\/div>\n            <!--\/ Project Year -->\n            \n                        <!-- Project Metas -->\n            <div class=\"meta\">\n\n                \n                                <div><span class=\"meta-title\">Client<\/span>Stoko<\/div>\n                \n                \n\n                \n                \n                \n                \n\n                                <div><span class=\"meta-title\">Platform<\/span>IOS\/Android<\/div>\n                \n                \n\n            <\/div>\n            <!--\/ Project Metas -->\n            \n            <!-- Project Featured Image -->\n            <div class=\"image\">\n                               \n                                    \n                                    \n                         <img decoding=\"async\" src=\"https:\/\/strona2.kanaj.pl\/wp-content\/uploads\/2020\/07\/bs_cov-2.jpg\" alt=\"Big Slider Project Image\">\n                \n                                    \n                            <\/div>\n            <!--\/ Project Featured Image -->\n\n        <\/div>\n        <!--\/ Project -->\n                <!-- Project -->\n        <div class=\"big-slider-item bs-inactive\" data-autoplay=\"10000\">\n\n            <!-- Project URL -->\n            <a href=\"https:\/\/strona2.kanaj.pl\/?portfolios=meskalina-studio\"><\/a>\n            <!--\/ Project URL -->\n\n            <div class=\"top\">\n\n                                <!-- Project Category -->\n                <div class=\"category\">Branding<\/div>\n                <!--\/ Project Category -->\n                \n                <!-- Project Title -->\n                <div class=\"title\">Meskalina Studio<\/div>\n                <!--\/ Project Title -->\n            <\/div>\n\n                        <!-- Project Summary -->\n            <div class=\"summary\">\n                            <\/div>\n            <!--\/ Project Summary -->\n            \n                        <!-- Project Year -->\n            <div class=\"year\">2012<\/div>\n            <!--\/ Project Year -->\n            \n                        <!-- Project Metas -->\n            <div class=\"meta\">\n\n                \n                                <div><span class=\"meta-title\">Client<\/span>Unity<\/div>\n                \n                \n\n                \n                \n                \n                \n\n                                <div><span class=\"meta-title\">Role<\/span>Paper Works<\/div>\n                \n                \n\n            <\/div>\n            <!--\/ Project Metas -->\n            \n            <!-- Project Featured Image -->\n            <div class=\"image\">\n                               \n                                    \n                                    \n                         <img decoding=\"async\" src=\"https:\/\/strona2.kanaj.pl\/wp-content\/uploads\/2020\/07\/sp_head-1.jpg\" alt=\"Big Slider Project Image\">\n                \n                                    \n                            <\/div>\n            <!--\/ Project Featured Image -->\n\n        <\/div>\n        <!--\/ Project -->\n                <!-- Project -->\n        <div class=\"big-slider-item bs-inactive\" data-autoplay=\"10000\">\n\n            <!-- Project URL -->\n            <a href=\"https:\/\/strona2.kanaj.pl\/?portfolios=gabrielle-desmarais\"><\/a>\n            <!--\/ Project URL -->\n\n            <div class=\"top\">\n\n                                <!-- Project Category -->\n                <div class=\"category\">Advertising<\/div>\n                <!--\/ Project Category -->\n                \n                <!-- Project Title -->\n                <div class=\"title\">Gabrielle Desmarais<\/div>\n                <!--\/ Project Title -->\n            <\/div>\n\n                        <!-- Project Summary -->\n            <div class=\"summary\">\n                Testowy opis, kt\u00f3rego jeszcze nie wymy\u015bli\u0142e, ale jest nieco inny            <\/div>\n            <!--\/ Project Summary -->\n            \n                        <!-- Project Year -->\n            <div class=\"year\">2023<\/div>\n            <!--\/ Project Year -->\n            \n                        <!-- Project Metas -->\n            <div class=\"meta\">\n\n                \n                                <div><span class=\"meta-title\">Klient<\/span>Lucas Led<\/div>\n                \n                \n\n                \n                \n                \n                \n\n                                <div><span class=\"meta-title\">Typ<\/span>Strona www<\/div>\n                \n                \n\n            <\/div>\n            <!--\/ Project Metas -->\n            \n            <!-- Project Featured Image -->\n            <div class=\"image\">\n                               \n                                \n                           \n                \n                        <img decoding=\"async\" src=\"https:\/\/strona2.kanaj.pl\/wp-content\/uploads\/2020\/07\/image_1-6.jpg\" alt=\"Big Slider Project Image\">\n                \n                                    \n                            <\/div>\n            <!--\/ Project Featured Image -->\n\n        <\/div>\n        <!--\/ Project -->\n        \n\n\n    <\/div>\n\n    <div class=\"big-slide-button\">View Project<\/div>\n\n        <div class=\"big-slide-pag\">\n        <div class=\"big-slide-prev\"><i class=\"icon-up-open-big\"><\/i><\/div>\n        <div class=\"big-slide-next\"><i class=\"icon-down-open-big\"><\/i><\/div>\n    <\/div>\n    \n        <div class=\"bs-bullets\"><\/div>\n    \n    <div class=\"bs-splitted\">\n        <div class=\"big-images swiper-container\">\n            <div class=\"swiper-wrapper\">\n\n            <\/div>\n        <\/div>\n    <\/div>\n\n<\/div>\n<!--\/Portfolio Big Carousel-->\n\n\n\n\t\t<\/div>\n\t\t\t\t<\/div>\n\t\t\t\t\t<\/div>\n\t\t<\/div>\n\t\t\t\t\t<\/div>\n\t\t<\/section>\n\t\t\t\t<\/div>\n\t\t","protected":false},"excerpt":{"rendered":"<p>Photography Men\u2019s Cave Target rich environment how much bandwidth do you have, and that jerk from finance really. 2016 ClientTnexus PlaceInterior Branding Meskalina Studio 2012 ClientUnity RolePaper Works Video\/Animation Sand of Time I have zero cycles for this increase the resolution, scale it up we need a larger print looks great. 2018 ClientChiser Type3D Animations [&hellip;]<\/p>\n","protected":false},"author":1,"featured_media":0,"parent":0,"menu_order":0,"comment_status":"closed","ping_status":"closed","template":"","meta":{"_acf_changed":false,"footnotes":""},"class_list":["post-213","page","type-page","status-publish","hentry"],"acf":[],"_links":{"self":[{"href":"https:\/\/strona2.kanaj.pl\/index.php?rest_route=\/wp\/v2\/pages\/213","targetHints":{"allow":["GET"]}}],"collection":[{"href":"https:\/\/strona2.kanaj.pl\/index.php?rest_route=\/wp\/v2\/pages"}],"about":[{"href":"https:\/\/strona2.kanaj.pl\/index.php?rest_route=\/wp\/v2\/types\/page"}],"author":[{"embeddable":true,"href":"https:\/\/strona2.kanaj.pl\/index.php?rest_route=\/wp\/v2\/users\/1"}],"replies":[{"embeddable":true,"href":"https:\/\/strona2.kanaj.pl\/index.php?rest_route=%2Fwp%2Fv2%2Fcomments&post=213"}],"version-history":[{"count":1,"href":"https:\/\/strona2.kanaj.pl\/index.php?rest_route=\/wp\/v2\/pages\/213\/revisions"}],"predecessor-version":[{"id":631,"href":"https:\/\/strona2.kanaj.pl\/index.php?rest_route=\/wp\/v2\/pages\/213\/revisions\/631"}],"wp:attachment":[{"href":"https:\/\/strona2.kanaj.pl\/index.php?rest_route=%2Fwp%2Fv2%2Fmedia&parent=213"}],"curies":[{"name":"wp","href":"https:\/\/api.w.org\/{rel}","templated":true}]}}